{"id":12,"date":"2013-07-22T21:39:33","date_gmt":"2013-07-22T18:39:33","guid":{"rendered":"https:\/\/www.nikolasrooms.gr\/?page_id=12"},"modified":"2019-04-18T13:41:47","modified_gmt":"2019-04-18T10:41:47","slug":"hotel","status":"publish","type":"page","link":"https:\/\/www.nikolasrooms.gr\/it\/hotel\/","title":{"rendered":"Hotel"},"content":{"rendered":"<p>L&#8217;albergo si trova nel cuore del centro storico a pochissima distanza da tutte le attrazioni turistiche principali, tra le quali la Fortezza Firkas, l&#8217; Archivio storico di Creta e il Museo Navale. Nonch\u00e9 a pochi passi dal vecchio porto, dalla Galleria d&#8217;Arte Comunale e dal Museo Archeologico.<\/p>\n<p>Molte stanze affacciano direttamente su piazza Athinagora, caratterizzata dalle belle palme e dalla monumentale cattedrale ortodossa Panagia Trimartiris.<\/p>\n<p>Nikolas Rooms, grazie alla posizione centrale di cui gode, \u00e8 il punto ideale in cui soggiornare e da cui raggiungere a piedi sia tutti i siti di maggior interesse artistico sia i luoghi di intrattenimento. Il quartiere \u00e8 un alternarsi di botteghe tradizionali e bei caff\u00e8. L&#8217;aeroporto di Chania \u00e8 raggiungibili in meno di trenta minuti in auto.<\/p>\n<p><span style=\"text-decoration: underline;\"><strong>Nikolas Rooms offre stanze singole, doppie e triple.<\/strong><\/span><\/p>\n<ul>\n<li>Balcone (a richiesta)<\/li>\n<li>Angolo cottura (a richiesta)<\/li>\n<li>Aria condizionata \/ riscaldamento(autonomo)<\/li>\n<li>Connessione internet wireless gratuita<\/li>\n<li>Servizio di pulizia camere giornaliero (cambio di asciugamani e lenzuola ogni due giorni)<\/li>\n<li>Bagno con doccia<\/li>\n<li>Frigorifero<\/li>\n<li>Televisore<\/li>\n<li>Ferro da stiro<\/li>\n<li>Asciugacapelli<\/li>\n<li>Caffettiera<\/li>\n<li>Bollitore elettrico<\/li>\n<li>Culla (a richiesta)<\/li>\n<\/ul>\n<h2>Servizi<\/h2>\n<ul>\n<li>Aria condizionata \/Impianto di riscaldamento<\/li>\n<li>Connessione internet wireless ad alta velocit\u00e0 ( servizio gratuito)<\/li>\n<li>E&#8217; possibile utilizzare il parcheggio pubblico adiacente(Non \u00e8 necessaria la prenotazione)<\/li>\n<li>Servizio di trasferimento all&#8217; Aeroporto o al Porto<\/li>\n<li>Servizio di noleggio auto e taxi<\/li>\n<li>Possibilit\u00e0 di effettuare i pagamenti con carta di credito, servizio di fax e fotocopie<\/li>\n<li>Deposito bagagli<\/li>\n<li>Lavanderia\u00a0(self-service)<\/li>\n<li>Stanze per non fumatori<\/li>\n<li>I servizi di accettazione e partenza sono rapidi<\/li>\n<li>Terrazza solarium e per stendere i panni<\/li>\n<\/ul>\n<p><\/p>","protected":false},"excerpt":{"rendered":"<p>Benvenuti a Nikolas Rooms, a Chania nell&#8217;isola di Creta. Questa \u00e8 una scelta eccellente per coloro che desiderano esplorare la fantastica citt\u00e0 di Chania.<\/p>\n","protected":false},"author":1,"featured_media":46,"parent":0,"menu_order":1,"comment_status":"open","ping_status":"closed","template":"","meta":{"ngg_post_thumbnail":0},"_links":{"self":[{"href":"https:\/\/www.nikolasrooms.gr\/it\/wp-json\/wp\/v2\/pages\/12"}],"collection":[{"href":"https:\/\/www.nikolasrooms.gr\/it\/wp-json\/wp\/v2\/pages"}],"about":[{"href":"https:\/\/www.nikolasrooms.gr\/it\/wp-json\/wp\/v2\/types\/page"}],"author":[{"embeddable":true,"href":"https:\/\/www.nikolasrooms.gr\/it\/wp-json\/wp\/v2\/users\/1"}],"replies":[{"embeddable":true,"href":"https:\/\/www.nikolasrooms.gr\/it\/wp-json\/wp\/v2\/comments?post=12"}],"version-history":[{"count":0,"href":"https:\/\/www.nikolasrooms.gr\/it\/wp-json\/wp\/v2\/pages\/12\/revisions"}],"wp:featuredmedia":[{"embeddable":true,"href":"https:\/\/www.nikolasrooms.gr\/it\/wp-json\/wp\/v2\/media\/46"}],"wp:attachment":[{"href":"https:\/\/www.nikolasrooms.gr\/it\/wp-json\/wp\/v2\/media?parent=12"}],"curies":[{"name":"wp","href":"https:\/\/api.w.org\/{rel}","templated":true}]}}